{"id":275,"date":"2024-05-06T11:37:17","date_gmt":"2024-05-06T11:37:17","guid":{"rendered":"https:\/\/www.jurisasia.com\/?page_id=275"},"modified":"2025-08-28T13:37:39","modified_gmt":"2025-08-28T13:37:39","slug":"legal-notices","status":"publish","type":"page","link":"https:\/\/www.jurisasia.com\/en\/legal-notices\/","title":{"rendered":"Legal Notice"},"content":{"rendered":"<div data-elementor-type=\"wp-page\" data-elementor-id=\"275\" class=\"elementor elementor-275\" data-elementor-post-type=\"page\">\n\t\t\t\t<div class=\"elementor-element elementor-element-bf6ebfe e-flex e-con-boxed e-con e-parent\" data-id=\"bf6ebfe\" data-element_type=\"container\">\n\t\t\t\t\t<div class=\"e-con-inner\">\n\t\t\t\t<div class=\"elementor-element elementor-element-5f034b4 elementor-widget elementor-widget-heading\" data-id=\"5f034b4\" data-element_type=\"widget\" data-widget_type=\"heading.default\">\n\t\t\t\t<div class=\"elementor-widget-container\">\n\t\t\t\t\t<h1 class=\"elementor-heading-title elementor-size-default\">Legal Notice<\/h1>\t\t\t\t<\/div>\n\t\t\t\t<\/div>\n\t\t<div class=\"elementor-element elementor-element-73efa4d e-flex e-con-boxed e-con e-child\" data-id=\"73efa4d\" data-element_type=\"container\" data-settings=\"{&quot;background_background&quot;:&quot;classic&quot;}\">\n\t\t\t\t\t<div class=\"e-con-inner\">\n\t\t\t\t<div class=\"elementor-element elementor-element-6c7c135 elementor-widget elementor-widget-heading\" data-id=\"6c7c135\" data-element_type=\"widget\" data-widget_type=\"heading.default\">\n\t\t\t\t<div class=\"elementor-widget-container\">\n\t\t\t\t\t<h2 class=\"elementor-heading-title elementor-size-default\">Publisher<\/h2>\t\t\t\t<\/div>\n\t\t\t\t<\/div>\n\t\t\t\t<div class=\"elementor-element elementor-element-69193f3 elementor-widget elementor-widget-text-editor\" data-id=\"69193f3\" data-element_type=\"widget\" data-widget_type=\"text-editor.default\">\n\t\t\t\t<div class=\"elementor-widget-container\">\n\t\t\t\t\t\t\t\t\t<p>GIRARD-FOLEY &amp; ASSOCIATES<\/p>\n<p>Unit N\u00ba2A-6-2, 6th Floor, <br \/>Plaza Sentral, Jalan Stesen Sentral 5<br \/>50470 Kuala Lumpur, Malaysia<\/p>\n<p>T\u00e9l : (603) 2035 6968<\/p>\t\t\t\t\t\t\t\t<\/div>\n\t\t\t\t<\/div>\n\t\t\t\t<div class=\"elementor-element elementor-element-0c3dee8 elementor-widget elementor-widget-heading\" data-id=\"0c3dee8\" data-element_type=\"widget\" data-widget_type=\"heading.default\">\n\t\t\t\t<div class=\"elementor-widget-container\">\n\t\t\t\t\t<h2 class=\"elementor-heading-title elementor-size-default\">Publication Director<\/h2>\t\t\t\t<\/div>\n\t\t\t\t<\/div>\n\t\t\t\t<div class=\"elementor-element elementor-element-d1ea062 elementor-widget elementor-widget-text-editor\" data-id=\"d1ea062\" data-element_type=\"widget\" data-widget_type=\"text-editor.default\">\n\t\t\t\t<div class=\"elementor-widget-container\">\n\t\t\t\t\t\t\t\t\t<p class=\"translation-block\">Philippe Girard-Foley<br>Lawyer, Paris Bar Council<br>Member of the Law Society of Victoria<br>The website <a href=\"http:\/\/www.jurisasia.com\/en\/\" target=\"_self\">www.jurisasia.com<\/a> is made available by the law firm Philippe GIRARD-FOLEY.<\/p>\t\t\t\t\t\t\t\t<\/div>\n\t\t\t\t<\/div>\n\t\t\t\t<div class=\"elementor-element elementor-element-3833a02 elementor-widget elementor-widget-heading\" data-id=\"3833a02\" data-element_type=\"widget\" data-widget_type=\"heading.default\">\n\t\t\t\t<div class=\"elementor-widget-container\">\n\t\t\t\t\t<h2 class=\"elementor-heading-title elementor-size-default\">Hosting Provider<\/h2>\t\t\t\t<\/div>\n\t\t\t\t<\/div>\n\t\t\t\t<div class=\"elementor-element elementor-element-a54fd7a elementor-widget elementor-widget-text-editor\" data-id=\"a54fd7a\" data-element_type=\"widget\" data-widget_type=\"text-editor.default\">\n\t\t\t\t<div class=\"elementor-widget-container\">\n\t\t\t\t\t\t\t\t\t<p>Sowebio SARL &#8211; Agence web Aquitaine<\/p><p>15 rue du Temple<br \/>17310 St Pierre d\u2019Ol\u00e9ron<br \/>T\u00e9l : <a href=\"tel:+33546855840\" target=\"_blank\" rel=\"noopener\">05 46 85 58 40<\/a><\/p><p><a href=\"mailto:contact@soweb.io\" target=\"_blank\" rel=\"noopener\">contact@soweb.io<\/a><br \/><a href=\"https:\/\/www.soweb.io\" target=\"_blank\" rel=\"noopener\">www.soweb.io<\/a><\/p><p>RCS La Rochelle : 844 060 046<br \/>SIRET : 844016004600019<\/p>\t\t\t\t\t\t\t\t<\/div>\n\t\t\t\t<\/div>\n\t\t<div class=\"elementor-element elementor-element-1203f21 e-con-full e-flex e-con e-child\" data-id=\"1203f21\" data-element_type=\"container\" data-settings=\"{&quot;background_background&quot;:&quot;classic&quot;}\">\n\t\t\t\t<div class=\"elementor-element elementor-element-8060327 elementor-widget elementor-widget-image\" data-id=\"8060327\" data-element_type=\"widget\" data-widget_type=\"image.default\">\n\t\t\t\t<div class=\"elementor-widget-container\">\n\t\t\t\t\t\t\t\t\t\t\t\t\t\t\t<img decoding=\"async\" width=\"300\" height=\"41\" src=\"https:\/\/www.jurisasia.com\/wp-content\/uploads\/sow-logo-horizontal-300x41.png\" class=\"attachment-medium size-medium wp-image-477\" alt=\"\" srcset=\"https:\/\/www.jurisasia.com\/wp-content\/uploads\/sow-logo-horizontal-300x41.png 300w, https:\/\/www.jurisasia.com\/wp-content\/uploads\/sow-logo-horizontal.png 710w\" sizes=\"(max-width: 300px) 100vw, 300px\" \/>\t\t\t\t\t\t\t\t\t\t\t\t\t\t\t<\/div>\n\t\t\t\t<\/div>\n\t\t\t\t<\/div>\n\t\t\t\t<div class=\"elementor-element elementor-element-5f42f41 elementor-widget elementor-widget-text-editor\" data-id=\"5f42f41\" data-element_type=\"widget\" data-widget_type=\"text-editor.default\">\n\t\t\t\t<div class=\"elementor-widget-container\">\n\t\t\t\t\t\t\t\t\t<p>The hosting provider manages the administration of the websites and associated services (email servers, cloud drives, statistical analyses, backups, monitoring, etc.) with its own physical servers, relying on multi-domain expertise.<\/p><p>Sowebio owns its own private European network at 2 Gbps, which relies on the OVHcloud fiber optic network.<\/p><p>In compliance with the GDPR, the infrastructure is located exclusively in France (Gravelines, Paris, Roubaix, Strasbourg) and in Europe (Frankfurt), within the OVHcloud datacenters, the leading European hosting provider.<\/p><p>The infrastructure benefits from OVHcloud\u2019s global fiber optic network, several dozen points of presence and datacenters on the main continents, as well as the most advanced distributed denial-of-service (DDoS) protection technology on the market.<\/p>\t\t\t\t\t\t\t\t<\/div>\n\t\t\t\t<\/div>\n\t\t\t\t<div class=\"elementor-element elementor-element-22bdf36 elementor-widget elementor-widget-text-editor\" data-id=\"22bdf36\" data-element_type=\"widget\" data-widget_type=\"text-editor.default\">\n\t\t\t\t<div class=\"elementor-widget-container\">\n\t\t\t\t\t\t\t\t\t<p>The website and its components may contain confidential information or information protected by intellectual property law or any other applicable law.<\/p><p>Intellectual property rights over the original content of the site are the exclusive property of the publisher. It is strictly forbidden for the user of the site to copy, modify, create a derivative work, assemble, decompile, assign, sublicense or transfer, in any way, any element of the site.<\/p>\t\t\t\t\t\t\t\t<\/div>\n\t\t\t\t<\/div>\n\t\t\t\t<div class=\"elementor-element elementor-element-b6349c3 elementor-widget elementor-widget-heading\" data-id=\"b6349c3\" data-element_type=\"widget\" data-widget_type=\"heading.default\">\n\t\t\t\t<div class=\"elementor-widget-container\">\n\t\t\t\t\t<h2 class=\"elementor-heading-title elementor-size-default\">Intellectual Property<\/h2>\t\t\t\t<\/div>\n\t\t\t\t<\/div>\n\t\t\t\t<div class=\"elementor-element elementor-element-586a8b2 elementor-widget elementor-widget-heading\" data-id=\"586a8b2\" data-element_type=\"widget\" data-widget_type=\"heading.default\">\n\t\t\t\t<div class=\"elementor-widget-container\">\n\t\t\t\t\t<h2 class=\"elementor-heading-title elementor-size-default\">Credits &amp; Copyrights<\/h2>\t\t\t\t<\/div>\n\t\t\t\t<\/div>\n\t\t\t\t<div class=\"elementor-element elementor-element-c7c123c elementor-widget elementor-widget-text-editor\" data-id=\"c7c123c\" data-element_type=\"widget\" data-widget_type=\"text-editor.default\">\n\t\t\t\t<div class=\"elementor-widget-container\">\n\t\t\t\t\t\t\t\t\t<p>GIRARD-FOLEY &amp; ASSOCIATES, Philippe Girard-Foley, Sowebio.<\/p>\t\t\t\t\t\t\t\t<\/div>\n\t\t\t\t<\/div>\n\t\t\t\t\t<\/div>\n\t\t\t\t<\/div>\n\t\t\t\t\t<\/div>\n\t\t\t\t<\/div>\n\t\t\t\t<\/div>","protected":false},"excerpt":{"rendered":"<p>Mentions L\u00e9gales \u00c9diteur de la publication GIRARD-FOLEY &amp; ASSOCIATES Unit N\u00ba2A-6-2, 6th Floor, Plaza Sentral, Jalan Stesen Sentral 550470 Kuala Lumpur, Malaisie T\u00e9l : (603) 2035 6968 Directeur de la publication Philippe Girard-FoleyAvocat \u00e0 la Cour, Barreau de ParisMember of the Law Society of VictoriaLe site www.jurisasia.com est mis \u00e0 disposition par le cabinet d\u2019avocats [&hellip;]<\/p>","protected":false},"author":7,"featured_media":0,"parent":0,"menu_order":0,"comment_status":"closed","ping_status":"closed","template":"","meta":{"footnotes":""},"class_list":["post-275","page","type-page","status-publish","hentry"],"yoast_head":"<!-- This site is optimized with the Yoast SEO plugin v27.0 - https:\/\/yoast.com\/product\/yoast-seo-wordpress\/ -->\n<title>Mentions l\u00e9gales - Jurisasia<\/title>\n<meta name=\"description\" content=\"Consultez les mentions l\u00e9gales du site de Philippe Girard-Foley, avocat au barreau de Paris et Registered Foreign Lawyer \u00e0 Singapour.\" \/>\n<meta name=\"robots\" content=\"index, follow, max-snippet:-1, max-image-preview:large, max-video-preview:-1\" \/>\n<link rel=\"canonical\" href=\"https:\/\/www.jurisasia.com\/en\/legal-notices\/\" \/>\n<meta property=\"og:locale\" content=\"en_GB\" \/>\n<meta property=\"og:type\" content=\"article\" \/>\n<meta property=\"og:title\" content=\"Mentions l\u00e9gales - Jurisasia\" \/>\n<meta property=\"og:description\" content=\"Consultez les mentions l\u00e9gales du site de Philippe Girard-Foley, avocat au barreau de Paris et Registered Foreign Lawyer \u00e0 Singapour.\" \/>\n<meta property=\"og:url\" content=\"https:\/\/www.jurisasia.com\/en\/legal-notices\/\" \/>\n<meta property=\"og:site_name\" content=\"Jurisasia\" \/>\n<meta property=\"article:modified_time\" content=\"2025-08-28T13:37:39+00:00\" \/>\n<meta property=\"og:image\" content=\"https:\/\/www.jurisasia.com\/wp-content\/uploads\/sow-logo-horizontal.png\" \/>\n\t<meta property=\"og:image:width\" content=\"710\" \/>\n\t<meta property=\"og:image:height\" content=\"98\" \/>\n\t<meta property=\"og:image:type\" content=\"image\/png\" \/>\n<meta name=\"twitter:card\" content=\"summary_large_image\" \/>\n<meta name=\"twitter:label1\" content=\"Estimated reading time\" \/>\n\t<meta name=\"twitter:data1\" content=\"2 minutes\" \/>\n<script type=\"application\/ld+json\" class=\"yoast-schema-graph\">{\"@context\":\"https:\/\/schema.org\",\"@graph\":[{\"@type\":\"WebPage\",\"@id\":\"https:\/\/www.jurisasia.com\/mentions-legales\/\",\"url\":\"https:\/\/www.jurisasia.com\/mentions-legales\/\",\"name\":\"Mentions l\u00e9gales - Jurisasia\",\"isPartOf\":{\"@id\":\"https:\/\/www.jurisasia.com\/#website\"},\"primaryImageOfPage\":{\"@id\":\"https:\/\/www.jurisasia.com\/mentions-legales\/#primaryimage\"},\"image\":{\"@id\":\"https:\/\/www.jurisasia.com\/mentions-legales\/#primaryimage\"},\"thumbnailUrl\":\"https:\/\/www.jurisasia.com\/wp-content\/uploads\/sow-logo-horizontal-300x41.png\",\"datePublished\":\"2024-05-06T11:37:17+00:00\",\"dateModified\":\"2025-08-28T13:37:39+00:00\",\"description\":\"Consultez les mentions l\u00e9gales du site de Philippe Girard-Foley, avocat au barreau de Paris et Registered Foreign Lawyer \u00e0 Singapour.\",\"breadcrumb\":{\"@id\":\"https:\/\/www.jurisasia.com\/mentions-legales\/#breadcrumb\"},\"inLanguage\":\"en-GB\",\"potentialAction\":[{\"@type\":\"ReadAction\",\"target\":[\"https:\/\/www.jurisasia.com\/mentions-legales\/\"]}]},{\"@type\":\"ImageObject\",\"inLanguage\":\"en-GB\",\"@id\":\"https:\/\/www.jurisasia.com\/mentions-legales\/#primaryimage\",\"url\":\"https:\/\/www.jurisasia.com\/wp-content\/uploads\/sow-logo-horizontal-300x41.png\",\"contentUrl\":\"https:\/\/www.jurisasia.com\/wp-content\/uploads\/sow-logo-horizontal-300x41.png\"},{\"@type\":\"BreadcrumbList\",\"@id\":\"https:\/\/www.jurisasia.com\/mentions-legales\/#breadcrumb\",\"itemListElement\":[{\"@type\":\"ListItem\",\"position\":1,\"name\":\"Home\",\"item\":\"https:\/\/www.jurisasia.com\/\"},{\"@type\":\"ListItem\",\"position\":2,\"name\":\"Mentions l\u00e9gales\"}]},{\"@type\":\"WebSite\",\"@id\":\"https:\/\/www.jurisasia.com\/#website\",\"url\":\"https:\/\/www.jurisasia.com\/\",\"name\":\"Jurisasia\",\"description\":\"\",\"publisher\":{\"@id\":\"https:\/\/www.jurisasia.com\/#organization\"},\"potentialAction\":[{\"@type\":\"SearchAction\",\"target\":{\"@type\":\"EntryPoint\",\"urlTemplate\":\"https:\/\/www.jurisasia.com\/?s={search_term_string}\"},\"query-input\":{\"@type\":\"PropertyValueSpecification\",\"valueRequired\":true,\"valueName\":\"search_term_string\"}}],\"inLanguage\":\"en-GB\"},{\"@type\":\"Organization\",\"@id\":\"https:\/\/www.jurisasia.com\/#organization\",\"name\":\"Jurisasia\",\"url\":\"https:\/\/www.jurisasia.com\/\",\"logo\":{\"@type\":\"ImageObject\",\"inLanguage\":\"en-GB\",\"@id\":\"https:\/\/www.jurisasia.com\/#\/schema\/logo\/image\/\",\"url\":\"https:\/\/www.jurisasia.com\/wp-content\/uploads\/logo-vert-hd.png\",\"contentUrl\":\"https:\/\/www.jurisasia.com\/wp-content\/uploads\/logo-vert-hd.png\",\"width\":794,\"height\":427,\"caption\":\"Jurisasia\"},\"image\":{\"@id\":\"https:\/\/www.jurisasia.com\/#\/schema\/logo\/image\/\"}}]}<\/script>\n<!-- \/ Yoast SEO plugin. -->","yoast_head_json":{"title":"Mentions l\u00e9gales - Jurisasia","description":"Consultez les mentions l\u00e9gales du site de Philippe Girard-Foley, avocat au barreau de Paris et Registered Foreign Lawyer \u00e0 Singapour.","robots":{"index":"index","follow":"follow","max-snippet":"max-snippet:-1","max-image-preview":"max-image-preview:large","max-video-preview":"max-video-preview:-1"},"canonical":"https:\/\/www.jurisasia.com\/en\/legal-notices\/","og_locale":"en_GB","og_type":"article","og_title":"Mentions l\u00e9gales - Jurisasia","og_description":"Consultez les mentions l\u00e9gales du site de Philippe Girard-Foley, avocat au barreau de Paris et Registered Foreign Lawyer \u00e0 Singapour.","og_url":"https:\/\/www.jurisasia.com\/en\/legal-notices\/","og_site_name":"Jurisasia","article_modified_time":"2025-08-28T13:37:39+00:00","og_image":[{"width":710,"height":98,"url":"https:\/\/www.jurisasia.com\/wp-content\/uploads\/sow-logo-horizontal.png","type":"image\/png"}],"twitter_card":"summary_large_image","twitter_misc":{"Estimated reading time":"2 minutes"},"schema":{"@context":"https:\/\/schema.org","@graph":[{"@type":"WebPage","@id":"https:\/\/www.jurisasia.com\/mentions-legales\/","url":"https:\/\/www.jurisasia.com\/mentions-legales\/","name":"Mentions l\u00e9gales - Jurisasia","isPartOf":{"@id":"https:\/\/www.jurisasia.com\/#website"},"primaryImageOfPage":{"@id":"https:\/\/www.jurisasia.com\/mentions-legales\/#primaryimage"},"image":{"@id":"https:\/\/www.jurisasia.com\/mentions-legales\/#primaryimage"},"thumbnailUrl":"https:\/\/www.jurisasia.com\/wp-content\/uploads\/sow-logo-horizontal-300x41.png","datePublished":"2024-05-06T11:37:17+00:00","dateModified":"2025-08-28T13:37:39+00:00","description":"Consultez les mentions l\u00e9gales du site de Philippe Girard-Foley, avocat au barreau de Paris et Registered Foreign Lawyer \u00e0 Singapour.","breadcrumb":{"@id":"https:\/\/www.jurisasia.com\/mentions-legales\/#breadcrumb"},"inLanguage":"en-GB","potentialAction":[{"@type":"ReadAction","target":["https:\/\/www.jurisasia.com\/mentions-legales\/"]}]},{"@type":"ImageObject","inLanguage":"en-GB","@id":"https:\/\/www.jurisasia.com\/mentions-legales\/#primaryimage","url":"https:\/\/www.jurisasia.com\/wp-content\/uploads\/sow-logo-horizontal-300x41.png","contentUrl":"https:\/\/www.jurisasia.com\/wp-content\/uploads\/sow-logo-horizontal-300x41.png"},{"@type":"BreadcrumbList","@id":"https:\/\/www.jurisasia.com\/mentions-legales\/#breadcrumb","itemListElement":[{"@type":"ListItem","position":1,"name":"Home","item":"https:\/\/www.jurisasia.com\/"},{"@type":"ListItem","position":2,"name":"Mentions l\u00e9gales"}]},{"@type":"WebSite","@id":"https:\/\/www.jurisasia.com\/#website","url":"https:\/\/www.jurisasia.com\/","name":"Jurisasia","description":"","publisher":{"@id":"https:\/\/www.jurisasia.com\/#organization"},"potentialAction":[{"@type":"SearchAction","target":{"@type":"EntryPoint","urlTemplate":"https:\/\/www.jurisasia.com\/?s={search_term_string}"},"query-input":{"@type":"PropertyValueSpecification","valueRequired":true,"valueName":"search_term_string"}}],"inLanguage":"en-GB"},{"@type":"Organization","@id":"https:\/\/www.jurisasia.com\/#organization","name":"Jurisasia","url":"https:\/\/www.jurisasia.com\/","logo":{"@type":"ImageObject","inLanguage":"en-GB","@id":"https:\/\/www.jurisasia.com\/#\/schema\/logo\/image\/","url":"https:\/\/www.jurisasia.com\/wp-content\/uploads\/logo-vert-hd.png","contentUrl":"https:\/\/www.jurisasia.com\/wp-content\/uploads\/logo-vert-hd.png","width":794,"height":427,"caption":"Jurisasia"},"image":{"@id":"https:\/\/www.jurisasia.com\/#\/schema\/logo\/image\/"}}]}},"_links":{"self":[{"href":"https:\/\/www.jurisasia.com\/en\/wp-json\/wp\/v2\/pages\/275","targetHints":{"allow":["GET"]}}],"collection":[{"href":"https:\/\/www.jurisasia.com\/en\/wp-json\/wp\/v2\/pages"}],"about":[{"href":"https:\/\/www.jurisasia.com\/en\/wp-json\/wp\/v2\/types\/page"}],"author":[{"embeddable":true,"href":"https:\/\/www.jurisasia.com\/en\/wp-json\/wp\/v2\/users\/7"}],"replies":[{"embeddable":true,"href":"https:\/\/www.jurisasia.com\/en\/wp-json\/wp\/v2\/comments?post=275"}],"version-history":[{"count":5,"href":"https:\/\/www.jurisasia.com\/en\/wp-json\/wp\/v2\/pages\/275\/revisions"}],"predecessor-version":[{"id":2848,"href":"https:\/\/www.jurisasia.com\/en\/wp-json\/wp\/v2\/pages\/275\/revisions\/2848"}],"wp:attachment":[{"href":"https:\/\/www.jurisasia.com\/en\/wp-json\/wp\/v2\/media?parent=275"}],"curies":[{"name":"wp","href":"https:\/\/api.w.org\/{rel}","templated":true}]}}