{"id":554,"date":"2024-05-13T12:49:49","date_gmt":"2024-05-13T12:49:49","guid":{"rendered":"https:\/\/www.jurisasia.com\/?page_id=554"},"modified":"2025-08-29T15:00:06","modified_gmt":"2025-08-29T15:00:06","slug":"newsletters","status":"publish","type":"page","link":"https:\/\/www.jurisasia.com\/en\/newsletters\/","title":{"rendered":"Newsletters"},"content":{"rendered":"<div data-elementor-type=\"wp-page\" data-elementor-id=\"554\" class=\"elementor elementor-554\" data-elementor-post-type=\"page\">\n\t\t\t\t<div class=\"elementor-element elementor-element-4a61146 e-flex e-con-boxed e-con e-parent\" data-id=\"4a61146\" data-element_type=\"container\">\n\t\t\t\t\t<div class=\"e-con-inner\">\n\t\t\t\t<div class=\"elementor-element elementor-element-beddb6e elementor-widget elementor-widget-heading\" data-id=\"beddb6e\" data-element_type=\"widget\" data-widget_type=\"heading.default\">\n\t\t\t\t<div class=\"elementor-widget-container\">\n\t\t\t\t\t<h1 class=\"elementor-heading-title elementor-size-default\">Newsletters<\/h1>\t\t\t\t<\/div>\n\t\t\t\t<\/div>\n\t\t\t\t<div class=\"elementor-element elementor-element-4c4302b elementor-widget elementor-widget-text-editor\" data-id=\"4c4302b\" data-element_type=\"widget\" data-widget_type=\"text-editor.default\">\n\t\t\t\t<div class=\"elementor-widget-container\">\n\t\t\t\t\t\t\t\t\t<p>Philippe Girard-Foley's newsletters offer an informed perspective on legal news and international issues, aimed at businesses and executives.<\/p>\t\t\t\t\t\t\t\t<\/div>\n\t\t\t\t<\/div>\n\t\t<div class=\"elementor-element elementor-element-6760dd3 e-flex e-con-boxed e-con e-child\" data-id=\"6760dd3\" data-element_type=\"container\">\n\t\t\t\t\t<div class=\"e-con-inner\">\n\t\t\t\t<div class=\"elementor-element elementor-element-d1769b4 elementor-hidden-desktop elementor-widget elementor-widget-button\" data-id=\"d1769b4\" data-element_type=\"widget\" data-widget_type=\"button.default\">\n\t\t\t\t<div class=\"elementor-widget-container\">\n\t\t\t\t\t\t\t\t\t<div class=\"elementor-button-wrapper\">\n\t\t\t\t\t<a class=\"elementor-button elementor-button-link elementor-size-sm\" href=\"https:\/\/www.jurisasia.com\/en\/inscription-a-la-newsletter\/\">\n\t\t\t\t\t\t<span class=\"elementor-button-content-wrapper\">\n\t\t\t\t\t\t\t\t\t<span class=\"elementor-button-text\">Newsletter Subscription<\/span>\n\t\t\t\t\t<\/span>\n\t\t\t\t\t<\/a>\n\t\t\t\t<\/div>\n\t\t\t\t\t\t\t\t<\/div>\n\t\t\t\t<\/div>\n\t\t\t\t\t<\/div>\n\t\t\t\t<\/div>\n\t\t\t\t<div class=\"elementor-element elementor-element-c8db9fe elementor-grid-3 elementor-grid-tablet-2 elementor-grid-mobile-1 elementor-posts--thumbnail-top elementor-posts--show-avatar elementor-card-shadow-yes elementor-posts__hover-gradient elementor-widget elementor-widget-posts\" data-id=\"c8db9fe\" data-element_type=\"widget\" data-settings=\"{&quot;pagination_type&quot;:&quot;numbers_and_prev_next&quot;,&quot;cards_columns&quot;:&quot;3&quot;,&quot;cards_columns_tablet&quot;:&quot;2&quot;,&quot;cards_columns_mobile&quot;:&quot;1&quot;,&quot;cards_row_gap&quot;:{&quot;unit&quot;:&quot;px&quot;,&quot;size&quot;:35,&quot;sizes&quot;:[]},&quot;cards_row_gap_tablet&quot;:{&quot;unit&quot;:&quot;px&quot;,&quot;size&quot;:&quot;&quot;,&quot;sizes&quot;:[]},&quot;cards_row_gap_mobile&quot;:{&quot;unit&quot;:&quot;px&quot;,&quot;size&quot;:&quot;&quot;,&quot;sizes&quot;:[]},&quot;load_more_spinner&quot;:{&quot;value&quot;:&quot;fas fa-spinner&quot;,&quot;library&quot;:&quot;fa-solid&quot;}}\" data-widget_type=\"posts.cards\">\n\t\t\t\t<div class=\"elementor-widget-container\">\n\t\t\t\t\t\t\t<div class=\"elementor-posts-container elementor-posts elementor-posts--skin-cards elementor-grid\">\n\t\t\t\t<article class=\"elementor-post elementor-grid-item post-3110 post type-post status-publish format-standard hentry category-newsletters\">\n\t\t\t<div class=\"elementor-post__card\">\n\t\t\t\t<div class=\"elementor-post__text\">\n\t\t\t\t<h2 class=\"elementor-post__title\">\n\t\t\t<a href=\"https:\/\/www.jurisasia.com\/en\/droit-francais-europeen-intelligence-artificielle\/\" >\n\t\t\t\tLe Droit Fran\u00e7ais et Europ\u00e9en de l&rsquo;Intelligence Artificielle &#8211; Le point de vue d&rsquo;un Avocat Conseil d&rsquo;Entreprises\t\t\t<\/a>\n\t\t<\/h2>\n\t\t\t\t<div class=\"elementor-post__excerpt\">\n\t\t\t<p>Le Droit Fran\u00e7ais et Europ\u00e9en de l&rsquo;Intelligence Artificielle &#8211; Le point de vue d&rsquo;un Avocat Conseil d&rsquo;Entreprises (PREMI\u00c8RE PARTIE) Cette communication propose une approche du droit fran\u00e7ais de l\u2019Intelligence Artificielle (\u201cIA\u201d), tenant compte du droit europ\u00e9en, comme une premi\u00e8re \u00e9tape avant d&rsquo;aborder l&rsquo;influence d&rsquo;autres juridictions (Californie, Singapour&#8230;) dans une nouvelle newsletter de notre s\u00e9rie \u00e0<\/p>\n\t\t<\/div>\n\t\t\t\t\t<div class=\"elementor-post__read-more-wrapper\">\n\t\t\n\t\t<a class=\"elementor-post__read-more\" href=\"https:\/\/www.jurisasia.com\/en\/droit-francais-europeen-intelligence-artificielle\/\" aria-label=\"Read more about Le Droit Fran\u00e7ais et Europ\u00e9en de l&rsquo;Intelligence Artificielle &#8211; Le point de vue d&rsquo;un Avocat Conseil d&rsquo;Entreprises\" tabindex=\"-1\" >\n\t\t\tRead More \u00bb\t\t<\/a>\n\n\t\t\t\t\t<\/div>\n\t\t\t\t<\/div>\n\t\t\t\t<div class=\"elementor-post__meta-data\">\n\t\t\t\t\t<span class=\"elementor-post-date\">\n\t\t\t25 February 2026\t\t<\/span>\n\t\t\t\t<\/div>\n\t\t\t\t\t<\/div>\n\t\t<\/article>\n\t\t\t\t<article class=\"elementor-post elementor-grid-item post-964 post type-post status-publish format-standard hentry category-newsletters\">\n\t\t\t<div class=\"elementor-post__card\">\n\t\t\t\t<div class=\"elementor-post__text\">\n\t\t\t\t<h2 class=\"elementor-post__title\">\n\t\t\t<a href=\"https:\/\/www.jurisasia.com\/en\/attorneys-in-international-commercial-mediation\/\" >\n\t\t\t\tThe GIRARD-FOLEY law firm becomes counsel in international commercial mediation\t\t\t<\/a>\n\t\t<\/h2>\n\t\t\t\t<div class=\"elementor-post__excerpt\">\n\t\t\t<p>GIRARD-FOLEY becomes an international commercial mediation consultancy. From early 2024, our firm will offer assistance to its clients in mediation proceedings aimed at resolving international commercial and industrial disputes. We will not act as mediators, but exclusively as lawyers supporting our clients in this emerging procedure.<\/p>\n\t\t<\/div>\n\t\t\t\t\t<div class=\"elementor-post__read-more-wrapper\">\n\t\t\n\t\t<a class=\"elementor-post__read-more\" href=\"https:\/\/www.jurisasia.com\/en\/attorneys-in-international-commercial-mediation\/\" aria-label=\"Read more about Le cabinet GIRARD-FOLEY devient conseil en m\u00e9diation commerciale internationale\" tabindex=\"-1\" >\n\t\t\tRead More \u00bb\t\t<\/a>\n\n\t\t\t\t\t<\/div>\n\t\t\t\t<\/div>\n\t\t\t\t<div class=\"elementor-post__meta-data\">\n\t\t\t\t\t<span class=\"elementor-post-date\">\n\t\t\t11 December 2023\t\t<\/span>\n\t\t\t\t<\/div>\n\t\t\t\t\t<\/div>\n\t\t<\/article>\n\t\t\t\t<article class=\"elementor-post elementor-grid-item post-976 post type-post status-publish format-standard hentry category-newsletters\">\n\t\t\t<div class=\"elementor-post__card\">\n\t\t\t\t<div class=\"elementor-post__text\">\n\t\t\t\t<h2 class=\"elementor-post__title\">\n\t\t\t<a href=\"https:\/\/www.jurisasia.com\/en\/dispute-resolution-asia\/\" >\n\t\t\t\tThe rise of hybrid mechanisms in international commercial dispute resolution: Mediation-Arbitration and Litigation-Mediation-Litigation\t\t\t<\/a>\n\t\t<\/h2>\n\t\t\t\t<div class=\"elementor-post__excerpt\">\n\t\t\t<p>From \u201cAlternative Dispute Resolution\u201d to \u201cAppropriate Dispute Resolution\u201d or how Asia is redefining commercial litigation As we wrote in a previous Newsletter, mediation has finally gained full recognition as one of the methods of alternative dispute resolution (ADR) or, according to a formula used by the SICC Singapore International<\/p>\n\t\t<\/div>\n\t\t\t\t\t<div class=\"elementor-post__read-more-wrapper\">\n\t\t\n\t\t<a class=\"elementor-post__read-more\" href=\"https:\/\/www.jurisasia.com\/en\/dispute-resolution-asia\/\" aria-label=\"Read more about De \u201cAlternative Dispute Resolution\u201d \u00e0 \u201cAppropriate Dispute Resolution\u201d ou comment l\u2019Asie red\u00e9finit le contentieux commercial\" tabindex=\"-1\" >\n\t\t\tRead More \u00bb\t\t<\/a>\n\n\t\t\t\t\t<\/div>\n\t\t\t\t<\/div>\n\t\t\t\t<div class=\"elementor-post__meta-data\">\n\t\t\t\t\t<span class=\"elementor-post-date\">\n\t\t\t3 October 2023\t\t<\/span>\n\t\t\t\t<\/div>\n\t\t\t\t\t<\/div>\n\t\t<\/article>\n\t\t\t\t<article class=\"elementor-post elementor-grid-item post-913 post type-post status-publish format-standard hentry category-newsletters\">\n\t\t\t<div class=\"elementor-post__card\">\n\t\t\t\t<div class=\"elementor-post__text\">\n\t\t\t\t<h2 class=\"elementor-post__title\">\n\t\t\t<a href=\"https:\/\/www.jurisasia.com\/en\/permanent-expatriate\/\" >\n\t\t\t\tThe Permanent Expatriate: A Comeback?\t\t\t<\/a>\n\t\t<\/h2>\n\t\t\t\t<div class=\"elementor-post__excerpt\">\n\t\t\t<p>The permanent expatriate, back in favour? In Hong Kong, where I lived for nearly seven years before settling in Malaysia, I met representatives from the previous era, when means of communication were vastly different from today. I was told that in an institution such as the Hong<\/p>\n\t\t<\/div>\n\t\t\t\t\t<div class=\"elementor-post__read-more-wrapper\">\n\t\t\n\t\t<a class=\"elementor-post__read-more\" href=\"https:\/\/www.jurisasia.com\/en\/permanent-expatriate\/\" aria-label=\"Read more about L\u2019expatri\u00e9 permanent, le retour en gr\u00e2ce ?\" tabindex=\"-1\" >\n\t\t\tRead More \u00bb\t\t<\/a>\n\n\t\t\t\t\t<\/div>\n\t\t\t\t<\/div>\n\t\t\t\t<div class=\"elementor-post__meta-data\">\n\t\t\t\t\t<span class=\"elementor-post-date\">\n\t\t\t31 January 2023\t\t<\/span>\n\t\t\t\t<\/div>\n\t\t\t\t\t<\/div>\n\t\t<\/article>\n\t\t\t\t<article class=\"elementor-post elementor-grid-item post-984 post type-post status-publish format-standard hentry category-newsletters\">\n\t\t\t<div class=\"elementor-post__card\">\n\t\t\t\t<div class=\"elementor-post__text\">\n\t\t\t\t<h2 class=\"elementor-post__title\">\n\t\t\t<a href=\"https:\/\/www.jurisasia.com\/en\/international-commercial-disputes\/\" >\n\t\t\t\tInternational Commercial Disputes and Singapore\u2019s advance in 2023\t\t\t<\/a>\n\t\t<\/h2>\n\t\t\t\t<div class=\"elementor-post__excerpt\">\n\t\t\t<p>International commercial disputes: Singapore makes progress in January 2023 In January 2023, Singapore's three main institutions dedicated to international commercial dispute resolution announced two initiatives aimed at making Singapore a more attractive location. These initiatives concern the arbitration centre (Singapore International Arbitration Centre \/ SIAC) and the mediation centre (Singapore<\/p>\n\t\t<\/div>\n\t\t\t\t\t<div class=\"elementor-post__read-more-wrapper\">\n\t\t\n\t\t<a class=\"elementor-post__read-more\" href=\"https:\/\/www.jurisasia.com\/en\/international-commercial-disputes\/\" aria-label=\"Read more about Litiges commerciaux internationaux: Singapour marque une avanc\u00e9e en janvier 2023\" tabindex=\"-1\" >\n\t\t\tRead More \u00bb\t\t<\/a>\n\n\t\t\t\t\t<\/div>\n\t\t\t\t<\/div>\n\t\t\t\t<div class=\"elementor-post__meta-data\">\n\t\t\t\t\t<span class=\"elementor-post-date\">\n\t\t\t17 January 2023\t\t<\/span>\n\t\t\t\t<\/div>\n\t\t\t\t\t<\/div>\n\t\t<\/article>\n\t\t\t\t<article class=\"elementor-post elementor-grid-item post-939 post type-post status-publish format-standard hentry category-newsletters\">\n\t\t\t<div class=\"elementor-post__card\">\n\t\t\t\t<div class=\"elementor-post__text\">\n\t\t\t\t<h2 class=\"elementor-post__title\">\n\t\t\t<a href=\"https:\/\/www.jurisasia.com\/en\/india-awakens\/\" >\n\t\t\t\tWhen India awakes\u2026\t\t\t<\/a>\n\t\t<\/h2>\n\t\t\t\t<div class=\"elementor-post__excerpt\">\n\t\t\t<p>When India awakens... The world will not tremble, because unlike China, according to the title of Alain Peyrefitte's famous and prophetic book, India has no global hegemonic ambitions. But India's awakening is indeed a phenomenon unfolding before our eyes. A free trade agreement was recently (April 2022) signed<\/p>\n\t\t<\/div>\n\t\t\t\t\t<div class=\"elementor-post__read-more-wrapper\">\n\t\t\n\t\t<a class=\"elementor-post__read-more\" href=\"https:\/\/www.jurisasia.com\/en\/india-awakens\/\" aria-label=\"Read more about Quand l\u2019Inde s\u2019\u00e9veillera\u2026\" tabindex=\"-1\" >\n\t\t\tRead More \u00bb\t\t<\/a>\n\n\t\t\t\t\t<\/div>\n\t\t\t\t<\/div>\n\t\t\t\t<div class=\"elementor-post__meta-data\">\n\t\t\t\t\t<span class=\"elementor-post-date\">\n\t\t\t26 October 2022\t\t<\/span>\n\t\t\t\t<\/div>\n\t\t\t\t\t<\/div>\n\t\t<\/article>\n\t\t\t\t<\/div>\n\t\t\n\t\t\t\t<div class=\"e-load-more-anchor\" data-page=\"1\" data-max-page=\"3\" data-next-page=\"https:\/\/www.jurisasia.com\/en\/newsletters\/2\/\"><\/div>\n\t\t\t\t<nav class=\"elementor-pagination\" aria-label=\"Pagination\">\n\t\t\t<span class=\"page-numbers prev\">\u00ab Previous<\/span>\n<span aria-current=\"page\" class=\"page-numbers current\"><span class=\"elementor-screen-only\">Page<\/span>1<\/span>\n<a class=\"page-numbers\" href=\"https:\/\/www.jurisasia.com\/en\/newsletters\/2\/\"><span class=\"elementor-screen-only\">Page<\/span>2<\/a>\n<a class=\"page-numbers\" href=\"https:\/\/www.jurisasia.com\/en\/newsletters\/3\/\"><span class=\"elementor-screen-only\">Page<\/span>3<\/a>\n<a class=\"page-numbers next\" href=\"https:\/\/www.jurisasia.com\/en\/newsletters\/2\/\">Next \u00bb<\/a>\t\t<\/nav>\n\t\t\t\t\t\t<\/div>\n\t\t\t\t<\/div>\n\t\t\t\t<div class=\"elementor-element elementor-element-1de6558 elementor-align-center elementor-widget elementor-widget-button\" data-id=\"1de6558\" data-element_type=\"widget\" data-widget_type=\"button.default\">\n\t\t\t\t<div class=\"elementor-widget-container\">\n\t\t\t\t\t\t\t\t\t<div class=\"elementor-button-wrapper\">\n\t\t\t\t\t<a class=\"elementor-button elementor-button-link elementor-size-sm\" href=\"https:\/\/www.jurisasia.com\/en\/inscription-a-la-newsletter\/\">\n\t\t\t\t\t\t<span class=\"elementor-button-content-wrapper\">\n\t\t\t\t\t\t\t\t\t<span class=\"elementor-button-text\">Newsletter Subscription<\/span>\n\t\t\t\t\t<\/span>\n\t\t\t\t\t<\/a>\n\t\t\t\t<\/div>\n\t\t\t\t\t\t\t\t<\/div>\n\t\t\t\t<\/div>\n\t\t\t\t\t<\/div>\n\t\t\t\t<\/div>\n\t\t\t\t<\/div>","protected":false},"excerpt":{"rendered":"<p>Newsletters Les newsletters de Philippe Girard-Foley offrent un regard \u00e9clair\u00e9 sur l\u2019actualit\u00e9 juridique et les enjeux internationaux, \u00e0 destination des entreprises et dirigeants. Inscription \u00e0 la Newsletter Inscription \u00e0 la Newsletter<\/p>","protected":false},"author":7,"featured_media":0,"parent":0,"menu_order":0,"comment_status":"closed","ping_status":"closed","template":"","meta":{"footnotes":""},"class_list":["post-554","page","type-page","status-publish","hentry"],"yoast_head":"<!-- This site is optimized with the Yoast SEO plugin v27.0 - https:\/\/yoast.com\/product\/yoast-seo-wordpress\/ -->\n<title>Newsletters - Cabinet Philippe Girard-Foley - Jurisasia<\/title>\n<meta name=\"description\" content=\"Retrouvez les newsletters de Philippe Girard-Foley, avocat au barreau de Paris et Registered Foreign Lawyer \u00e0 Singapour.\" \/>\n<meta name=\"robots\" content=\"index, follow, max-snippet:-1, max-image-preview:large, max-video-preview:-1\" \/>\n<link rel=\"canonical\" href=\"https:\/\/www.jurisasia.com\/en\/newsletters\/\" \/>\n<meta property=\"og:locale\" content=\"en_GB\" \/>\n<meta property=\"og:type\" content=\"article\" \/>\n<meta property=\"og:title\" content=\"Newsletters - Cabinet Philippe Girard-Foley - Jurisasia\" \/>\n<meta property=\"og:description\" content=\"Retrouvez les newsletters de Philippe Girard-Foley, avocat au barreau de Paris et Registered Foreign Lawyer \u00e0 Singapour.\" \/>\n<meta property=\"og:url\" content=\"https:\/\/www.jurisasia.com\/en\/newsletters\/\" \/>\n<meta property=\"og:site_name\" content=\"Jurisasia\" \/>\n<meta property=\"article:modified_time\" content=\"2025-08-29T15:00:06+00:00\" \/>\n<meta name=\"twitter:card\" content=\"summary_large_image\" \/>\n<meta name=\"twitter:label1\" content=\"Estimated reading time\" \/>\n\t<meta name=\"twitter:data1\" content=\"4 minutes\" \/>\n<script type=\"application\/ld+json\" class=\"yoast-schema-graph\">{\"@context\":\"https:\/\/schema.org\",\"@graph\":[{\"@type\":\"WebPage\",\"@id\":\"https:\/\/www.jurisasia.com\/newsletters\/\",\"url\":\"https:\/\/www.jurisasia.com\/newsletters\/\",\"name\":\"Newsletters - Cabinet Philippe Girard-Foley - Jurisasia\",\"isPartOf\":{\"@id\":\"https:\/\/www.jurisasia.com\/#website\"},\"datePublished\":\"2024-05-13T12:49:49+00:00\",\"dateModified\":\"2025-08-29T15:00:06+00:00\",\"description\":\"Retrouvez les newsletters de Philippe Girard-Foley, avocat au barreau de Paris et Registered Foreign Lawyer \u00e0 Singapour.\",\"breadcrumb\":{\"@id\":\"https:\/\/www.jurisasia.com\/newsletters\/#breadcrumb\"},\"inLanguage\":\"en-GB\",\"potentialAction\":[{\"@type\":\"ReadAction\",\"target\":[\"https:\/\/www.jurisasia.com\/newsletters\/\"]}]},{\"@type\":\"BreadcrumbList\",\"@id\":\"https:\/\/www.jurisasia.com\/newsletters\/#breadcrumb\",\"itemListElement\":[{\"@type\":\"ListItem\",\"position\":1,\"name\":\"Home\",\"item\":\"https:\/\/www.jurisasia.com\/\"},{\"@type\":\"ListItem\",\"position\":2,\"name\":\"Newsletters\"}]},{\"@type\":\"WebSite\",\"@id\":\"https:\/\/www.jurisasia.com\/#website\",\"url\":\"https:\/\/www.jurisasia.com\/\",\"name\":\"Jurisasia\",\"description\":\"\",\"publisher\":{\"@id\":\"https:\/\/www.jurisasia.com\/#organization\"},\"potentialAction\":[{\"@type\":\"SearchAction\",\"target\":{\"@type\":\"EntryPoint\",\"urlTemplate\":\"https:\/\/www.jurisasia.com\/?s={search_term_string}\"},\"query-input\":{\"@type\":\"PropertyValueSpecification\",\"valueRequired\":true,\"valueName\":\"search_term_string\"}}],\"inLanguage\":\"en-GB\"},{\"@type\":\"Organization\",\"@id\":\"https:\/\/www.jurisasia.com\/#organization\",\"name\":\"Jurisasia\",\"url\":\"https:\/\/www.jurisasia.com\/\",\"logo\":{\"@type\":\"ImageObject\",\"inLanguage\":\"en-GB\",\"@id\":\"https:\/\/www.jurisasia.com\/#\/schema\/logo\/image\/\",\"url\":\"https:\/\/www.jurisasia.com\/wp-content\/uploads\/logo-vert-hd.png\",\"contentUrl\":\"https:\/\/www.jurisasia.com\/wp-content\/uploads\/logo-vert-hd.png\",\"width\":794,\"height\":427,\"caption\":\"Jurisasia\"},\"image\":{\"@id\":\"https:\/\/www.jurisasia.com\/#\/schema\/logo\/image\/\"}}]}<\/script>\n<!-- \/ Yoast SEO plugin. -->","yoast_head_json":{"title":"Newsletters - Cabinet Philippe Girard-Foley - Jurisasia","description":"Retrouvez les newsletters de Philippe Girard-Foley, avocat au barreau de Paris et Registered Foreign Lawyer \u00e0 Singapour.","robots":{"index":"index","follow":"follow","max-snippet":"max-snippet:-1","max-image-preview":"max-image-preview:large","max-video-preview":"max-video-preview:-1"},"canonical":"https:\/\/www.jurisasia.com\/en\/newsletters\/","og_locale":"en_GB","og_type":"article","og_title":"Newsletters - Cabinet Philippe Girard-Foley - Jurisasia","og_description":"Retrouvez les newsletters de Philippe Girard-Foley, avocat au barreau de Paris et Registered Foreign Lawyer \u00e0 Singapour.","og_url":"https:\/\/www.jurisasia.com\/en\/newsletters\/","og_site_name":"Jurisasia","article_modified_time":"2025-08-29T15:00:06+00:00","twitter_card":"summary_large_image","twitter_misc":{"Estimated reading time":"4 minutes"},"schema":{"@context":"https:\/\/schema.org","@graph":[{"@type":"WebPage","@id":"https:\/\/www.jurisasia.com\/newsletters\/","url":"https:\/\/www.jurisasia.com\/newsletters\/","name":"Newsletters - Cabinet Philippe Girard-Foley - Jurisasia","isPartOf":{"@id":"https:\/\/www.jurisasia.com\/#website"},"datePublished":"2024-05-13T12:49:49+00:00","dateModified":"2025-08-29T15:00:06+00:00","description":"Retrouvez les newsletters de Philippe Girard-Foley, avocat au barreau de Paris et Registered Foreign Lawyer \u00e0 Singapour.","breadcrumb":{"@id":"https:\/\/www.jurisasia.com\/newsletters\/#breadcrumb"},"inLanguage":"en-GB","potentialAction":[{"@type":"ReadAction","target":["https:\/\/www.jurisasia.com\/newsletters\/"]}]},{"@type":"BreadcrumbList","@id":"https:\/\/www.jurisasia.com\/newsletters\/#breadcrumb","itemListElement":[{"@type":"ListItem","position":1,"name":"Home","item":"https:\/\/www.jurisasia.com\/"},{"@type":"ListItem","position":2,"name":"Newsletters"}]},{"@type":"WebSite","@id":"https:\/\/www.jurisasia.com\/#website","url":"https:\/\/www.jurisasia.com\/","name":"Jurisasia","description":"","publisher":{"@id":"https:\/\/www.jurisasia.com\/#organization"},"potentialAction":[{"@type":"SearchAction","target":{"@type":"EntryPoint","urlTemplate":"https:\/\/www.jurisasia.com\/?s={search_term_string}"},"query-input":{"@type":"PropertyValueSpecification","valueRequired":true,"valueName":"search_term_string"}}],"inLanguage":"en-GB"},{"@type":"Organization","@id":"https:\/\/www.jurisasia.com\/#organization","name":"Jurisasia","url":"https:\/\/www.jurisasia.com\/","logo":{"@type":"ImageObject","inLanguage":"en-GB","@id":"https:\/\/www.jurisasia.com\/#\/schema\/logo\/image\/","url":"https:\/\/www.jurisasia.com\/wp-content\/uploads\/logo-vert-hd.png","contentUrl":"https:\/\/www.jurisasia.com\/wp-content\/uploads\/logo-vert-hd.png","width":794,"height":427,"caption":"Jurisasia"},"image":{"@id":"https:\/\/www.jurisasia.com\/#\/schema\/logo\/image\/"}}]}},"_links":{"self":[{"href":"https:\/\/www.jurisasia.com\/en\/wp-json\/wp\/v2\/pages\/554","targetHints":{"allow":["GET"]}}],"collection":[{"href":"https:\/\/www.jurisasia.com\/en\/wp-json\/wp\/v2\/pages"}],"about":[{"href":"https:\/\/www.jurisasia.com\/en\/wp-json\/wp\/v2\/types\/page"}],"author":[{"embeddable":true,"href":"https:\/\/www.jurisasia.com\/en\/wp-json\/wp\/v2\/users\/7"}],"replies":[{"embeddable":true,"href":"https:\/\/www.jurisasia.com\/en\/wp-json\/wp\/v2\/comments?post=554"}],"version-history":[{"count":5,"href":"https:\/\/www.jurisasia.com\/en\/wp-json\/wp\/v2\/pages\/554\/revisions"}],"predecessor-version":[{"id":3071,"href":"https:\/\/www.jurisasia.com\/en\/wp-json\/wp\/v2\/pages\/554\/revisions\/3071"}],"wp:attachment":[{"href":"https:\/\/www.jurisasia.com\/en\/wp-json\/wp\/v2\/media?parent=554"}],"curies":[{"name":"wp","href":"https:\/\/api.w.org\/{rel}","templated":true}]}}