{"id":624,"date":"2024-05-13T13:26:22","date_gmt":"2024-05-13T13:26:22","guid":{"rendered":"https:\/\/www.jurisasia.com\/?page_id=624"},"modified":"2025-08-28T15:32:45","modified_gmt":"2025-08-28T15:32:45","slug":"articles","status":"publish","type":"page","link":"https:\/\/www.jurisasia.com\/en\/articles\/","title":{"rendered":"Articles"},"content":{"rendered":"<div data-elementor-type=\"wp-page\" data-elementor-id=\"624\" class=\"elementor elementor-624\" data-elementor-post-type=\"page\">\n\t\t\t\t<div class=\"elementor-element elementor-element-20f18a4 e-flex e-con-boxed e-con e-parent\" data-id=\"20f18a4\" data-element_type=\"container\">\n\t\t\t\t\t<div class=\"e-con-inner\">\n\t\t\t\t<div class=\"elementor-element elementor-element-399991d elementor-widget elementor-widget-heading\" data-id=\"399991d\" data-element_type=\"widget\" data-widget_type=\"heading.default\">\n\t\t\t\t<div class=\"elementor-widget-container\">\n\t\t\t\t\t<h1 class=\"elementor-heading-title elementor-size-default\">Articles<\/h1>\t\t\t\t<\/div>\n\t\t\t\t<\/div>\n\t\t\t\t<div class=\"elementor-element elementor-element-85cdd62 elementor-grid-3 elementor-grid-tablet-2 elementor-grid-mobile-1 elementor-posts--thumbnail-top elementor-posts--show-avatar elementor-card-shadow-yes elementor-posts__hover-gradient elementor-widget elementor-widget-posts\" data-id=\"85cdd62\" data-element_type=\"widget\" data-settings=\"{&quot;cards_columns&quot;:&quot;3&quot;,&quot;cards_columns_tablet&quot;:&quot;2&quot;,&quot;cards_columns_mobile&quot;:&quot;1&quot;,&quot;cards_row_gap&quot;:{&quot;unit&quot;:&quot;px&quot;,&quot;size&quot;:35,&quot;sizes&quot;:[]},&quot;cards_row_gap_tablet&quot;:{&quot;unit&quot;:&quot;px&quot;,&quot;size&quot;:&quot;&quot;,&quot;sizes&quot;:[]},&quot;cards_row_gap_mobile&quot;:{&quot;unit&quot;:&quot;px&quot;,&quot;size&quot;:&quot;&quot;,&quot;sizes&quot;:[]},&quot;load_more_spinner&quot;:{&quot;value&quot;:&quot;fas fa-spinner&quot;,&quot;library&quot;:&quot;fa-solid&quot;}}\" data-widget_type=\"posts.cards\">\n\t\t\t\t<div class=\"elementor-widget-container\">\n\t\t\t\t\t\t\t<div class=\"elementor-posts-container elementor-posts elementor-posts--skin-cards elementor-grid\">\n\t\t\t\t<article class=\"elementor-post elementor-grid-item post-3110 post type-post status-publish format-standard hentry category-newsletters\">\n\t\t\t<div class=\"elementor-post__card\">\n\t\t\t\t<div class=\"elementor-post__text\">\n\t\t\t\t<h3 class=\"elementor-post__title\">\n\t\t\t<a href=\"https:\/\/www.jurisasia.com\/en\/droit-francais-europeen-intelligence-artificielle\/\" >\n\t\t\t\tLe Droit Fran\u00e7ais et Europ\u00e9en de l&rsquo;Intelligence Artificielle &#8211; Le point de vue d&rsquo;un Avocat Conseil d&rsquo;Entreprises\t\t\t<\/a>\n\t\t<\/h3>\n\t\t\t\t<div class=\"elementor-post__excerpt\">\n\t\t\t<p>Le Droit Fran\u00e7ais et Europ\u00e9en de l&rsquo;Intelligence Artificielle &#8211; Le point de vue d&rsquo;un Avocat Conseil d&rsquo;Entreprises (PREMI\u00c8RE PARTIE) Cette communication propose une approche du<\/p>\n\t\t<\/div>\n\t\t\n\t\t<a class=\"elementor-post__read-more\" href=\"https:\/\/www.jurisasia.com\/en\/droit-francais-europeen-intelligence-artificielle\/\" aria-label=\"Read more about Le Droit Fran\u00e7ais et Europ\u00e9en de l&rsquo;Intelligence Artificielle &#8211; Le point de vue d&rsquo;un Avocat Conseil d&rsquo;Entreprises\" tabindex=\"-1\" >\n\t\t\tRead More \u00bb\t\t<\/a>\n\n\t\t\t\t<\/div>\n\t\t\t\t<div class=\"elementor-post__meta-data\">\n\t\t\t\t\t<span class=\"elementor-post-date\">\n\t\t\t25 February 2026\t\t<\/span>\n\t\t\t\t<\/div>\n\t\t\t\t\t<\/div>\n\t\t<\/article>\n\t\t\t\t<article class=\"elementor-post elementor-grid-item post-964 post type-post status-publish format-standard hentry category-newsletters\">\n\t\t\t<div class=\"elementor-post__card\">\n\t\t\t\t<div class=\"elementor-post__text\">\n\t\t\t\t<h3 class=\"elementor-post__title\">\n\t\t\t<a href=\"https:\/\/www.jurisasia.com\/en\/attorneys-in-international-commercial-mediation\/\" >\n\t\t\t\tThe GIRARD-FOLEY law firm becomes counsel in international commercial mediation\t\t\t<\/a>\n\t\t<\/h3>\n\t\t\t\t<div class=\"elementor-post__excerpt\">\n\t\t\t<p>GIRARD-FOLEY becomes an international commercial mediation consultancy From early 2024, our firm will offer a support service to its clients in their mediation proceedings.<\/p>\n\t\t<\/div>\n\t\t\n\t\t<a class=\"elementor-post__read-more\" href=\"https:\/\/www.jurisasia.com\/en\/attorneys-in-international-commercial-mediation\/\" aria-label=\"Read more about Le cabinet GIRARD-FOLEY devient conseil en m\u00e9diation commerciale internationale\" tabindex=\"-1\" >\n\t\t\tRead More \u00bb\t\t<\/a>\n\n\t\t\t\t<\/div>\n\t\t\t\t<div class=\"elementor-post__meta-data\">\n\t\t\t\t\t<span class=\"elementor-post-date\">\n\t\t\t11 December 2023\t\t<\/span>\n\t\t\t\t<\/div>\n\t\t\t\t\t<\/div>\n\t\t<\/article>\n\t\t\t\t<\/div>\n\t\t\n\t\t\t\t\t\t<\/div>\n\t\t\t\t<\/div>\n\t\t\t\t<div class=\"elementor-element elementor-element-35b49a4 elementor-widget elementor-widget-text-editor\" data-id=\"35b49a4\" data-element_type=\"widget\" data-widget_type=\"text-editor.default\">\n\t\t\t\t<div class=\"elementor-widget-container\">\n\t\t\t\t\t\t\t\t\t<p><a href=\"https:\/\/www.jurisasia.com\/wp-content\/uploads\/articles-RFPI-No3-Decembre-2016.pdf\" target=\"_blank\" rel=\"noopener\">RFPI \u2013 No. 3 December 2016<\/a><\/p><p><a href=\"https:\/\/www.jurisasia.com\/wp-content\/uploads\/articles-RFPI-No1-Septembre-2015.pdf\" target=\"_blank\" rel=\"noopener\">RFPI N\u00b01 Septembre 2015<\/a><\/p><p><a href=\"https:\/\/www.jurisasia.com\/wp-content\/uploads\/articles-Revue-Actualite-Australie.pdf\" target=\"_blank\" rel=\"noopener\">Revue d\u2019actualit\u00e9 Australie<\/a><\/p><p><a href=\"https:\/\/www.jurisasia.com\/wp-content\/uploads\/articles-La-protection-du-secret-aux-USA-la-revolution-du-DTSA.pdf\" target=\"_blank\" rel=\"noopener\">Le secret commercial aux \u00c9tats-Unis \u2013 La r\u00e9volution du DTSA<\/a><\/p><p><a href=\"https:\/\/www.jurisasia.com\/wp-content\/uploads\/articles-Technologie-verte-et-Propriete-Intellectuelle-Asie-Pacifique.pdf\" target=\"_blank\" rel=\"noopener\">Technologie verte et Proprie\u0301te\u0301 Intellectuelle Asie Pacifique<\/a><\/p><p><a href=\"https:\/\/www.jurisasia.com\/wp-content\/uploads\/articles-Securite-Alimentaire-En-Chine.pdf\" target=\"_blank\" rel=\"noopener\">Se\u0301curite\u0301 alimentaire en Chine<\/a><\/p><p><a href=\"https:\/\/www.jurisasia.com\/wp-content\/uploads\/articles-Loi-Anti-Terrorisme-En-Chine.pdf\" target=\"_blank\" rel=\"noopener\">Loi anti-terrorisme en Chine<\/a><\/p><p><a href=\"https:\/\/www.jurisasia.com\/wp-content\/uploads\/articles-Pourquoi-Il-Faut-Sauver-Le-TPPA.pdf\" target=\"_blank\" rel=\"noopener\">Pourquoi il faut sauver le TPPA<\/a><\/p><p><a href=\"https:\/\/www.jurisasia.com\/wp-content\/uploads\/articles-Hong-Kong-Est-Il-Toujours-Un-Bon-Choix.pdf\" target=\"_blank\" rel=\"noopener\">Hong Kong est-il toujours un bon choix ?<\/a><\/p><p><a href=\"https:\/\/www.jurisasia.com\/wp-content\/uploads\/articles-La-Decision-Philip-Morris.pdf\" target=\"_blank\" rel=\"noopener\">La d\u00e9cision Philip Morris<\/a><\/p><p><a href=\"https:\/\/www.jurisasia.com\/wp-content\/uploads\/articles-Calissons-En-Danger.pdf\" target=\"_blank\" rel=\"noopener\">Calissons en danger<\/a><\/p><p><a href=\"https:\/\/www.jurisasia.com\/wp-content\/uploads\/articles-Inde-Reforme-Loi-Arbitrage.pdf\" target=\"_blank\" rel=\"noopener\">Inde \u2013 Re\u0301forme de la loi sur l\u2019arbitrage<\/a><\/p>\t\t\t\t\t\t\t\t<\/div>\n\t\t\t\t<\/div>\n\t\t\t\t\t<\/div>\n\t\t\t\t<\/div>\n\t\t\t\t<\/div>","protected":false},"excerpt":{"rendered":"<p>Articles RFPI-N\u00b03 D\u00e9cembre 2016 RFPI N\u00b01 Septembre 2015 Revue d\u2019actualit\u00e9 Australie Le secret commercial aux \u00c9tats-Unis \u2013 La r\u00e9volution du DTSA Technologie verte et Proprie\u0301te\u0301 Intellectuelle Asie Pacifique Se\u0301curite\u0301 alimentaire en Chine Loi anti-terrorisme en Chine Pourquoi il faut sauver le TPPA Hong Kong est-il toujours un bon choix ? La d\u00e9cision Philip Morris Calissons [&hellip;]<\/p>","protected":false},"author":7,"featured_media":0,"parent":0,"menu_order":0,"comment_status":"closed","ping_status":"closed","template":"","meta":{"footnotes":""},"class_list":["post-624","page","type-page","status-publish","hentry"],"yoast_head":"<!-- This site is optimized with the Yoast SEO plugin v27.0 - https:\/\/yoast.com\/product\/yoast-seo-wordpress\/ -->\n<title>Articles - Jurisasia<\/title>\n<meta name=\"description\" content=\"Articles \u00e9crits et co-\u00e9crits par Philippe Girard-Foley : Technologie verte et Propri\u00e9t\u00e9 intellectuelle Asie Pacifique - Hong Kong est-il toujours\" \/>\n<meta name=\"robots\" content=\"index, follow, max-snippet:-1, max-image-preview:large, max-video-preview:-1\" \/>\n<link rel=\"canonical\" href=\"https:\/\/www.jurisasia.com\/en\/articles\/\" \/>\n<meta property=\"og:locale\" content=\"en_GB\" \/>\n<meta property=\"og:type\" content=\"article\" \/>\n<meta property=\"og:title\" content=\"Articles - Jurisasia\" \/>\n<meta property=\"og:description\" content=\"Articles \u00e9crits et co-\u00e9crits par Philippe Girard-Foley : Technologie verte et Propri\u00e9t\u00e9 intellectuelle Asie Pacifique - Hong Kong est-il toujours\" \/>\n<meta property=\"og:url\" content=\"https:\/\/www.jurisasia.com\/en\/articles\/\" \/>\n<meta property=\"og:site_name\" content=\"Jurisasia\" \/>\n<meta property=\"article:modified_time\" content=\"2025-08-28T15:32:45+00:00\" \/>\n<meta name=\"twitter:card\" content=\"summary_large_image\" \/>\n<meta name=\"twitter:label1\" content=\"Estimated reading time\" \/>\n\t<meta name=\"twitter:data1\" content=\"2 minutes\" \/>\n<script type=\"application\/ld+json\" class=\"yoast-schema-graph\">{\"@context\":\"https:\/\/schema.org\",\"@graph\":[{\"@type\":\"WebPage\",\"@id\":\"https:\/\/www.jurisasia.com\/articles\/\",\"url\":\"https:\/\/www.jurisasia.com\/articles\/\",\"name\":\"Articles - Jurisasia\",\"isPartOf\":{\"@id\":\"https:\/\/www.jurisasia.com\/#website\"},\"datePublished\":\"2024-05-13T13:26:22+00:00\",\"dateModified\":\"2025-08-28T15:32:45+00:00\",\"description\":\"Articles \u00e9crits et co-\u00e9crits par Philippe Girard-Foley : Technologie verte et Propri\u00e9t\u00e9 intellectuelle Asie Pacifique - Hong Kong est-il toujours\",\"breadcrumb\":{\"@id\":\"https:\/\/www.jurisasia.com\/articles\/#breadcrumb\"},\"inLanguage\":\"en-GB\",\"potentialAction\":[{\"@type\":\"ReadAction\",\"target\":[\"https:\/\/www.jurisasia.com\/articles\/\"]}]},{\"@type\":\"BreadcrumbList\",\"@id\":\"https:\/\/www.jurisasia.com\/articles\/#breadcrumb\",\"itemListElement\":[{\"@type\":\"ListItem\",\"position\":1,\"name\":\"Home\",\"item\":\"https:\/\/www.jurisasia.com\/\"},{\"@type\":\"ListItem\",\"position\":2,\"name\":\"Articles\"}]},{\"@type\":\"WebSite\",\"@id\":\"https:\/\/www.jurisasia.com\/#website\",\"url\":\"https:\/\/www.jurisasia.com\/\",\"name\":\"Jurisasia\",\"description\":\"\",\"publisher\":{\"@id\":\"https:\/\/www.jurisasia.com\/#organization\"},\"potentialAction\":[{\"@type\":\"SearchAction\",\"target\":{\"@type\":\"EntryPoint\",\"urlTemplate\":\"https:\/\/www.jurisasia.com\/?s={search_term_string}\"},\"query-input\":{\"@type\":\"PropertyValueSpecification\",\"valueRequired\":true,\"valueName\":\"search_term_string\"}}],\"inLanguage\":\"en-GB\"},{\"@type\":\"Organization\",\"@id\":\"https:\/\/www.jurisasia.com\/#organization\",\"name\":\"Jurisasia\",\"url\":\"https:\/\/www.jurisasia.com\/\",\"logo\":{\"@type\":\"ImageObject\",\"inLanguage\":\"en-GB\",\"@id\":\"https:\/\/www.jurisasia.com\/#\/schema\/logo\/image\/\",\"url\":\"https:\/\/www.jurisasia.com\/wp-content\/uploads\/logo-vert-hd.png\",\"contentUrl\":\"https:\/\/www.jurisasia.com\/wp-content\/uploads\/logo-vert-hd.png\",\"width\":794,\"height\":427,\"caption\":\"Jurisasia\"},\"image\":{\"@id\":\"https:\/\/www.jurisasia.com\/#\/schema\/logo\/image\/\"}}]}<\/script>\n<!-- \/ Yoast SEO plugin. -->","yoast_head_json":{"title":"Articles - Jurisasia","description":"Articles \u00e9crits et co-\u00e9crits par Philippe Girard-Foley : Technologie verte et Propri\u00e9t\u00e9 intellectuelle Asie Pacifique - Hong Kong est-il toujours","robots":{"index":"index","follow":"follow","max-snippet":"max-snippet:-1","max-image-preview":"max-image-preview:large","max-video-preview":"max-video-preview:-1"},"canonical":"https:\/\/www.jurisasia.com\/en\/articles\/","og_locale":"en_GB","og_type":"article","og_title":"Articles - Jurisasia","og_description":"Articles \u00e9crits et co-\u00e9crits par Philippe Girard-Foley : Technologie verte et Propri\u00e9t\u00e9 intellectuelle Asie Pacifique - Hong Kong est-il toujours","og_url":"https:\/\/www.jurisasia.com\/en\/articles\/","og_site_name":"Jurisasia","article_modified_time":"2025-08-28T15:32:45+00:00","twitter_card":"summary_large_image","twitter_misc":{"Estimated reading time":"2 minutes"},"schema":{"@context":"https:\/\/schema.org","@graph":[{"@type":"WebPage","@id":"https:\/\/www.jurisasia.com\/articles\/","url":"https:\/\/www.jurisasia.com\/articles\/","name":"Articles - Jurisasia","isPartOf":{"@id":"https:\/\/www.jurisasia.com\/#website"},"datePublished":"2024-05-13T13:26:22+00:00","dateModified":"2025-08-28T15:32:45+00:00","description":"Articles \u00e9crits et co-\u00e9crits par Philippe Girard-Foley : Technologie verte et Propri\u00e9t\u00e9 intellectuelle Asie Pacifique - Hong Kong est-il toujours","breadcrumb":{"@id":"https:\/\/www.jurisasia.com\/articles\/#breadcrumb"},"inLanguage":"en-GB","potentialAction":[{"@type":"ReadAction","target":["https:\/\/www.jurisasia.com\/articles\/"]}]},{"@type":"BreadcrumbList","@id":"https:\/\/www.jurisasia.com\/articles\/#breadcrumb","itemListElement":[{"@type":"ListItem","position":1,"name":"Home","item":"https:\/\/www.jurisasia.com\/"},{"@type":"ListItem","position":2,"name":"Articles"}]},{"@type":"WebSite","@id":"https:\/\/www.jurisasia.com\/#website","url":"https:\/\/www.jurisasia.com\/","name":"Jurisasia","description":"","publisher":{"@id":"https:\/\/www.jurisasia.com\/#organization"},"potentialAction":[{"@type":"SearchAction","target":{"@type":"EntryPoint","urlTemplate":"https:\/\/www.jurisasia.com\/?s={search_term_string}"},"query-input":{"@type":"PropertyValueSpecification","valueRequired":true,"valueName":"search_term_string"}}],"inLanguage":"en-GB"},{"@type":"Organization","@id":"https:\/\/www.jurisasia.com\/#organization","name":"Jurisasia","url":"https:\/\/www.jurisasia.com\/","logo":{"@type":"ImageObject","inLanguage":"en-GB","@id":"https:\/\/www.jurisasia.com\/#\/schema\/logo\/image\/","url":"https:\/\/www.jurisasia.com\/wp-content\/uploads\/logo-vert-hd.png","contentUrl":"https:\/\/www.jurisasia.com\/wp-content\/uploads\/logo-vert-hd.png","width":794,"height":427,"caption":"Jurisasia"},"image":{"@id":"https:\/\/www.jurisasia.com\/#\/schema\/logo\/image\/"}}]}},"_links":{"self":[{"href":"https:\/\/www.jurisasia.com\/en\/wp-json\/wp\/v2\/pages\/624","targetHints":{"allow":["GET"]}}],"collection":[{"href":"https:\/\/www.jurisasia.com\/en\/wp-json\/wp\/v2\/pages"}],"about":[{"href":"https:\/\/www.jurisasia.com\/en\/wp-json\/wp\/v2\/types\/page"}],"author":[{"embeddable":true,"href":"https:\/\/www.jurisasia.com\/en\/wp-json\/wp\/v2\/users\/7"}],"replies":[{"embeddable":true,"href":"https:\/\/www.jurisasia.com\/en\/wp-json\/wp\/v2\/comments?post=624"}],"version-history":[{"count":5,"href":"https:\/\/www.jurisasia.com\/en\/wp-json\/wp\/v2\/pages\/624\/revisions"}],"predecessor-version":[{"id":2886,"href":"https:\/\/www.jurisasia.com\/en\/wp-json\/wp\/v2\/pages\/624\/revisions\/2886"}],"wp:attachment":[{"href":"https:\/\/www.jurisasia.com\/en\/wp-json\/wp\/v2\/media?parent=624"}],"curies":[{"name":"wp","href":"https:\/\/api.w.org\/{rel}","templated":true}]}}